{"id":1346,"date":"2025-09-30T15:41:50","date_gmt":"2025-09-30T13:41:50","guid":{"rendered":"https:\/\/serv4.darkm.co\/janssen-zurich\/?page_id=1346"},"modified":"2026-04-01T16:31:46","modified_gmt":"2026-04-01T14:31:46","slug":"blog","status":"publish","type":"page","link":"https:\/\/janssenzurich.ch\/en\/blog\/","title":{"rendered":"Blog"},"content":{"rendered":"<section class=\"bde-section-1346-100 bde-section\">\n  \n  \n\t\n\n\n\n<div class=\"section-container\"><h1 class=\"bde-heading-1346-101 bde-heading\">\nExpert Advice on Facial Aesthetics\n<\/h1><div class=\"bde-post-loop-1346-114 bde-post-loop\">    <div class=\"bde-isotope-filter-bar\">\n        <div class=\"bde-tabs\">\n            \n\n        \n  \n  \n  <div class=\"bde-tabs__tabslist-container bde-tabs__tabslist-container--scrollable is-horizontal js-tabs-container\">\n    <div class=\"bde-tabs__tabslist bde-tabs__tabslist--pills js-tablist\" role=\"tablist\" aria-label=\"Content tabs\" aria-orientation=\"horizontal\" data-tabs-id=\"isotope\">\n              <button role=\"tab\" aria-selected=\"false\" class=\"bde-tabs__tab js-tab\" aria-controls=\"tab-panel-isotope-all\" id=\"tab-isotope-all\" data-value=\"all\">\n          <span class=\"bde-tabs__tab-title\">View all<\/span>\n        <\/button>\n      \n              <button role=\"tab\" aria-selected=\"false\" class=\"bde-tabs__tab js-tab\" aria-controls=\"tab-panel-isotope-1\" id=\"tab-isotope-1\" data-value=\"19\">\n                    <span class=\"bde-tabs__tab-title\">Treatments &amp; Techniques<\/span>\n        <\/button>\n              <button role=\"tab\" aria-selected=\"false\" class=\"bde-tabs__tab js-tab\" aria-controls=\"tab-panel-isotope-2\" id=\"tab-isotope-2\" data-value=\"18\">\n                    <span class=\"bde-tabs__tab-title\">Patient Pathway<\/span>\n        <\/button>\n              <button role=\"tab\" aria-selected=\"false\" class=\"bde-tabs__tab js-tab\" aria-controls=\"tab-panel-isotope-3\" id=\"tab-isotope-3\" data-value=\"20\">\n                    <span class=\"bde-tabs__tab-title\">Recovery &amp; Results<\/span>\n        <\/button>\n          <\/div>\n  <\/div>\n\n\n        <\/div>\n    <\/div>\n<div class=\"bde-loop bde-loop-grid ee-posts ee-posts-grid bde-loop-isotope ee-posts-isotope\">    <article class=\"bde-loop-item ee-post\" data-filters=\"19\">\n        <section class=\"bde-section-1532-100-2410-1532-1 bde-section bde-section-1532-100\">\n  \n  \n\t\n\n\n\n<div class=\"section-container\"><a class=\"bde-container-link-1532-117-2410-1532-1 bde-container-link bde-container-link-1532-117 breakdance-link\" href=\"https:\/\/janssenzurich.ch\/en\/endoskopisches-vs-deep-plane-facelift\/\" target=\"_self\" data-type=\"url\">\n  \n  \n\t\n\n\n\n<img decoding=\"async\" class=\"bde-image2-1532-101-2410-1532-1 bde-image2 bde-image2-1532-101\" src=\"https:\/\/janssenzurich.ch\/wp-content\/uploads\/2026\/02\/elise-crombez-eugenia-volodina-hana-soukupova-inguna-butane-jessica-stam-julia-stegner-linda-evangelista-missy-rayder-by-steven-meisel-for-vogue-italia-july-2005-11.jpg\" loading=\"lazy\" srcset=\"https:\/\/janssenzurich.ch\/wp-content\/uploads\/2026\/02\/elise-crombez-eugenia-volodina-hana-soukupova-inguna-butane-jessica-stam-julia-stegner-linda-evangelista-missy-rayder-by-steven-meisel-for-vogue-italia-july-2005-11.jpg 540w, https:\/\/janssenzurich.ch\/wp-content\/uploads\/2026\/02\/elise-crombez-eugenia-volodina-hana-soukupova-inguna-butane-jessica-stam-julia-stegner-linda-evangelista-missy-rayder-by-steven-meisel-for-vogue-italia-july-2005-11-200x300.jpg 200w, https:\/\/janssenzurich.ch\/wp-content\/uploads\/2026\/02\/elise-crombez-eugenia-volodina-hana-soukupova-inguna-butane-jessica-stam-julia-stegner-linda-evangelista-missy-rayder-by-steven-meisel-for-vogue-italia-july-2005-11-8x12.jpg 8w\" sizes=\"(max-width: 540px) 100vw, 540px\"><ul class=\"bde-post-meta-1532-118-2410-1532-1 bde-post-meta bde-post-meta-1532-118\"><li class=\"ee-postmeta-terms-wrap\"><span class=\"ee-postmeta-term\">Treatments &amp; Techniques<\/span><\/li><\/ul><h4 class=\"bde-heading-1532-107-2410-1532-1 bde-heading bde-heading-1532-107\">\nEndoscopic vs Deep Plane Facelift \u2013 Surgical Comparison\n<\/h4>\n\n<\/a><div class=\"bde-div-1532-115-2410-1532-1 bde-div bde-div-1532-115\">\n  \n  \n\t\n\n\n\n<div class=\"bde-text-1532-108-2410-1532-1 bde-text bde-text-1532-108\">\n<p>Endoscopic and Deep Plane Facelift Compared. Anatomical Differences Explained for Natural and Long-Lasting Facial Rejuvenation.<\/p>\n\n<\/div><div id=\"btn_new\" class=\"bde-button-1532-114-2410-1532-1 bde-button btn bde-button-1532-114\">\n        \n    \n    \n    \n    \n            \n                    \n            \n            \n\n    \n    \n    \n    \n    \n    <a class=\"breakdance-link button-atom button-atom--custom bde-button__button\" href=\"https:\/\/janssenzurich.ch\/en\/endoskopisches-vs-deep-plane-facelift\/\" target=\"_self\" data-type=\"url\"  >\n\n    \n        <span class=\"button-atom__text\">See more<\/span>\n\n        \n        \n                <\/a>\n\n    \n\n\n<\/div>\n<\/div><\/div>\n<\/section>    <\/article>\n    <article class=\"bde-loop-item ee-post\" data-filters=\"18\">\n        <section class=\"bde-section-1532-100-1881-1532-1 bde-section bde-section-1532-100\">\n  \n  \n\t\n\n\n\n<div class=\"section-container\"><a class=\"bde-container-link-1532-117-1881-1532-1 bde-container-link bde-container-link-1532-117 breakdance-link\" href=\"https:\/\/janssenzurich.ch\/en\/sedation-vs-general-anaesthesia\/\" target=\"_self\" data-type=\"url\">\n  \n  \n\t\n\n\n\n<img decoding=\"async\" class=\"bde-image2-1532-101-1881-1532-1 bde-image2 bde-image2-1532-101\" src=\"https:\/\/janssenzurich.ch\/wp-content\/uploads\/2025\/10\/Close-up-of-needles.jpg\" loading=\"lazy\" srcset=\"https:\/\/janssenzurich.ch\/wp-content\/uploads\/2025\/10\/Close-up-of-needles.jpg 1000w, https:\/\/janssenzurich.ch\/wp-content\/uploads\/2025\/10\/Close-up-of-needles-300x200.jpg 300w, https:\/\/janssenzurich.ch\/wp-content\/uploads\/2025\/10\/Close-up-of-needles-768x512.jpg 768w, https:\/\/janssenzurich.ch\/wp-content\/uploads\/2025\/10\/Close-up-of-needles-18x12.jpg 18w\" sizes=\"(max-width: 1000px) 100vw, 1000px\"><ul class=\"bde-post-meta-1532-118-1881-1532-1 bde-post-meta bde-post-meta-1532-118\"><li class=\"ee-postmeta-terms-wrap\"><span class=\"ee-postmeta-term\">Patient Pathway<\/span><\/li><\/ul><h4 class=\"bde-heading-1532-107-1881-1532-1 bde-heading bde-heading-1532-107\">\nSedation vs General Anaesthesia\n<\/h4>\n\n<\/a><div class=\"bde-div-1532-115-1881-1532-1 bde-div bde-div-1532-115\">\n  \n  \n\t\n\n\n\n<div class=\"bde-text-1532-108-1881-1532-1 bde-text bde-text-1532-108\">\n<p>What\u2019s the difference and what\u2019s right for you? When planning a facelift, it\u2019s natural to focus on technique\u2026<\/p>\n\n<\/div><div id=\"btn_new\" class=\"bde-button-1532-114-1881-1532-1 bde-button btn bde-button-1532-114\">\n        \n    \n    \n    \n    \n            \n                    \n            \n            \n\n    \n    \n    \n    \n    \n    <a class=\"breakdance-link button-atom button-atom--custom bde-button__button\" href=\"https:\/\/janssenzurich.ch\/en\/sedation-vs-general-anaesthesia\/\" target=\"_self\" data-type=\"url\"  >\n\n    \n        <span class=\"button-atom__text\">See more<\/span>\n\n        \n        \n                <\/a>\n\n    \n\n\n<\/div>\n<\/div><\/div>\n<\/section>    <\/article>\n    <article class=\"bde-loop-item ee-post\" data-filters=\"19\">\n        <section class=\"bde-section-1532-100-1516-1532-1 bde-section bde-section-1532-100\">\n  \n  \n\t\n\n\n\n<div class=\"section-container\"><a class=\"bde-container-link-1532-117-1516-1532-1 bde-container-link bde-container-link-1532-117 breakdance-link\" href=\"https:\/\/janssenzurich.ch\/en\/an-introduction-to-the-endoscopic-facelift\/\" target=\"_self\" data-type=\"url\">\n  \n  \n\t\n\n\n\n<img decoding=\"async\" class=\"bde-image2-1532-101-1516-1532-1 bde-image2 bde-image2-1532-101\" src=\"https:\/\/janssenzurich.ch\/wp-content\/uploads\/2025\/09\/Side-profile-of-a-white-woman-depicting-endoscopic-Facelift.jpg\" loading=\"lazy\" srcset=\"https:\/\/janssenzurich.ch\/wp-content\/uploads\/2025\/09\/Side-profile-of-a-white-woman-depicting-endoscopic-Facelift.jpg 600w, https:\/\/janssenzurich.ch\/wp-content\/uploads\/2025\/09\/Side-profile-of-a-white-woman-depicting-endoscopic-Facelift-200x300.jpg 200w, https:\/\/janssenzurich.ch\/wp-content\/uploads\/2025\/09\/Side-profile-of-a-white-woman-depicting-endoscopic-Facelift-8x12.jpg 8w\" sizes=\"(max-width: 600px) 100vw, 600px\"><ul class=\"bde-post-meta-1532-118-1516-1532-1 bde-post-meta bde-post-meta-1532-118\"><li class=\"ee-postmeta-terms-wrap\"><span class=\"ee-postmeta-term\">Treatments &amp; Techniques<\/span><\/li><\/ul><h4 class=\"bde-heading-1532-107-1516-1532-1 bde-heading bde-heading-1532-107\">\nAn Introduction to The Endoscopic Facelift\n<\/h4>\n\n<\/a><div class=\"bde-div-1532-115-1516-1532-1 bde-div bde-div-1532-115\">\n  \n  \n\t\n\n\n\n<div class=\"bde-text-1532-108-1516-1532-1 bde-text bde-text-1532-108\">\n<p>A surgical facelift remains the gold standard in facial rejuvenation and techniques have advanced significantly.<\/p>\n\n<\/div><div id=\"btn_new\" class=\"bde-button-1532-114-1516-1532-1 bde-button btn bde-button-1532-114\">\n        \n    \n    \n    \n    \n            \n                    \n            \n            \n\n    \n    \n    \n    \n    \n    <a class=\"breakdance-link button-atom button-atom--custom bde-button__button\" href=\"https:\/\/janssenzurich.ch\/en\/an-introduction-to-the-endoscopic-facelift\/\" target=\"_self\" data-type=\"url\"  >\n\n    \n        <span class=\"button-atom__text\">See more<\/span>\n\n        \n        \n                <\/a>\n\n    \n\n\n<\/div>\n<\/div><\/div>\n<\/section>    <\/article>\n    <article class=\"bde-loop-item ee-post\" data-filters=\"19,20\">\n        <section class=\"bde-section-1532-100-1509-1532-1 bde-section bde-section-1532-100\">\n  \n  \n\t\n\n\n\n<div class=\"section-container\"><a class=\"bde-container-link-1532-117-1509-1532-1 bde-container-link bde-container-link-1532-117 breakdance-link\" href=\"https:\/\/janssenzurich.ch\/en\/the-role-of-lymphatic-drainage-in-facelift-recovery-what-you-need-to-know\/\" target=\"_self\" data-type=\"url\">\n  \n  \n\t\n\n\n\n<img decoding=\"async\" class=\"bde-image2-1532-101-1509-1532-1 bde-image2 bde-image2-1532-101\" src=\"https:\/\/janssenzurich.ch\/wp-content\/uploads\/2025\/09\/Woman-looking-at-herself-in-the-mirror.jpg\" loading=\"lazy\" srcset=\"https:\/\/janssenzurich.ch\/wp-content\/uploads\/2025\/09\/Woman-looking-at-herself-in-the-mirror.jpg 1000w, https:\/\/janssenzurich.ch\/wp-content\/uploads\/2025\/09\/Woman-looking-at-herself-in-the-mirror-300x225.jpg 300w, https:\/\/janssenzurich.ch\/wp-content\/uploads\/2025\/09\/Woman-looking-at-herself-in-the-mirror-768x576.jpg 768w, https:\/\/janssenzurich.ch\/wp-content\/uploads\/2025\/09\/Woman-looking-at-herself-in-the-mirror-16x12.jpg 16w\" sizes=\"(max-width: 1000px) 100vw, 1000px\"><ul class=\"bde-post-meta-1532-118-1509-1532-1 bde-post-meta bde-post-meta-1532-118\"><li class=\"ee-postmeta-terms-wrap\"><span class=\"ee-postmeta-term\">Treatments &amp; Techniques<\/span><span class=\"ee-postmeta-term\">Recovery &amp; Results<\/span><\/li><\/ul><h4 class=\"bde-heading-1532-107-1509-1532-1 bde-heading bde-heading-1532-107\">\nThe Role of Lymphatic Drainage in Facelift Recovery\n<\/h4>\n\n<\/a><div class=\"bde-div-1532-115-1509-1532-1 bde-div bde-div-1532-115\">\n  \n  \n\t\n\n\n\n<div class=\"bde-text-1532-108-1509-1532-1 bde-text bde-text-1532-108\">\n<p>At Janssen Z\u00fcrich, recovery is just as important as the procedure itself. With decades of experience<\/p>\n\n<\/div><div id=\"btn_new\" class=\"bde-button-1532-114-1509-1532-1 bde-button btn bde-button-1532-114\">\n        \n    \n    \n    \n    \n            \n                    \n            \n            \n\n    \n    \n    \n    \n    \n    <a class=\"breakdance-link button-atom button-atom--custom bde-button__button\" href=\"https:\/\/janssenzurich.ch\/en\/the-role-of-lymphatic-drainage-in-facelift-recovery-what-you-need-to-know\/\" target=\"_self\" data-type=\"url\"  >\n\n    \n        <span class=\"button-atom__text\">See more<\/span>\n\n        \n        \n                <\/a>\n\n    \n\n\n<\/div>\n<\/div><\/div>\n<\/section>    <\/article>\n    <article class=\"bde-loop-item ee-post\" data-filters=\"19\">\n        <section class=\"bde-section-1532-100-1506-1532-1 bde-section bde-section-1532-100\">\n  \n  \n\t\n\n\n\n<div class=\"section-container\"><a class=\"bde-container-link-1532-117-1506-1532-1 bde-container-link bde-container-link-1532-117 breakdance-link\" href=\"https:\/\/janssenzurich.ch\/en\/plastic-surgery-has-entered-its-undetectable-era-and-the-endoscopic-facelift-is-just-that\/\" target=\"_self\" data-type=\"url\">\n  \n  \n\t\n\n\n\n<img decoding=\"async\" class=\"bde-image2-1532-101-1506-1532-1 bde-image2 bde-image2-1532-101\" src=\"https:\/\/janssenzurich.ch\/wp-content\/uploads\/2025\/09\/unnamed-5.png\" loading=\"lazy\" srcset=\"https:\/\/janssenzurich.ch\/wp-content\/uploads\/2025\/09\/unnamed-5.png 640w, https:\/\/janssenzurich.ch\/wp-content\/uploads\/2025\/09\/unnamed-5-300x300.png 300w, https:\/\/janssenzurich.ch\/wp-content\/uploads\/2025\/09\/unnamed-5-150x150.png 150w\" sizes=\"(max-width: 640px) 100vw, 640px\"><ul class=\"bde-post-meta-1532-118-1506-1532-1 bde-post-meta bde-post-meta-1532-118\"><li class=\"ee-postmeta-terms-wrap\"><span class=\"ee-postmeta-term\">Treatments &amp; Techniques<\/span><\/li><\/ul><h4 class=\"bde-heading-1532-107-1506-1532-1 bde-heading bde-heading-1532-107\">\nAesthetic surgery in its 'Undetectable Era'\n<\/h4>\n\n<\/a><div class=\"bde-div-1532-115-1506-1532-1 bde-div bde-div-1532-115\">\n  \n  \n\t\n\n\n\n<div class=\"bde-text-1532-108-1506-1532-1 bde-text bde-text-1532-108\">\n<p>The future of facial rejuvenation has a new name \u2014 and it\u2019s not about chasing perfection, but about achieving.<\/p>\n\n<\/div><div id=\"btn_new\" class=\"bde-button-1532-114-1506-1532-1 bde-button btn bde-button-1532-114\">\n        \n    \n    \n    \n    \n            \n                    \n            \n            \n\n    \n    \n    \n    \n    \n    <a class=\"breakdance-link button-atom button-atom--custom bde-button__button\" href=\"https:\/\/janssenzurich.ch\/en\/plastic-surgery-has-entered-its-undetectable-era-and-the-endoscopic-facelift-is-just-that\/\" target=\"_self\" data-type=\"url\"  >\n\n    \n        <span class=\"button-atom__text\">See more<\/span>\n\n        \n        \n                <\/a>\n\n    \n\n\n<\/div>\n<\/div><\/div>\n<\/section>    <\/article>\n    <article class=\"bde-loop-item ee-post\" data-filters=\"20\">\n        <section class=\"bde-section-1532-100-1504-1532-1 bde-section bde-section-1532-100\">\n  \n  \n\t\n\n\n\n<div class=\"section-container\"><a class=\"bde-container-link-1532-117-1504-1532-1 bde-container-link bde-container-link-1532-117 breakdance-link\" href=\"https:\/\/janssenzurich.ch\/en\/non-surgical-enhancements-that-last\/\" target=\"_self\" data-type=\"url\">\n  \n  \n\t\n\n\n\n<img decoding=\"async\" class=\"bde-image2-1532-101-1504-1532-1 bde-image2 bde-image2-1532-101\" src=\"https:\/\/janssenzurich.ch\/wp-content\/uploads\/2025\/09\/20240605_RebaseRecovery_HBOT_Alt_0411X.jpg-2048x1366-1.webp\" loading=\"lazy\" srcset=\"https:\/\/janssenzurich.ch\/wp-content\/uploads\/2025\/09\/20240605_RebaseRecovery_HBOT_Alt_0411X.jpg-2048x1366-1.webp 2048w, https:\/\/janssenzurich.ch\/wp-content\/uploads\/2025\/09\/20240605_RebaseRecovery_HBOT_Alt_0411X.jpg-2048x1366-1-300x200.webp 300w, https:\/\/janssenzurich.ch\/wp-content\/uploads\/2025\/09\/20240605_RebaseRecovery_HBOT_Alt_0411X.jpg-2048x1366-1-1024x683.webp 1024w, https:\/\/janssenzurich.ch\/wp-content\/uploads\/2025\/09\/20240605_RebaseRecovery_HBOT_Alt_0411X.jpg-2048x1366-1-768x512.webp 768w, https:\/\/janssenzurich.ch\/wp-content\/uploads\/2025\/09\/20240605_RebaseRecovery_HBOT_Alt_0411X.jpg-2048x1366-1-1536x1025.webp 1536w\" sizes=\"(max-width: 2048px) 100vw, 2048px\"><ul class=\"bde-post-meta-1532-118-1504-1532-1 bde-post-meta bde-post-meta-1532-118\"><li class=\"ee-postmeta-terms-wrap\"><span class=\"ee-postmeta-term\">Recovery &amp; Results<\/span><\/li><\/ul><h4 class=\"bde-heading-1532-107-1504-1532-1 bde-heading bde-heading-1532-107\">\nHyperbaric Oxygen Therapy (HBOT) and Post-Operative Recovery\n<\/h4>\n\n<\/a><div class=\"bde-div-1532-115-1504-1532-1 bde-div bde-div-1532-115\">\n  \n  \n\t\n\n\n\n<div class=\"bde-text-1532-108-1504-1532-1 bde-text bde-text-1532-108\">\n<p>Signs, age-related considerations, and expert tips for planning your facial rejuvenation.<\/p>\n\n<\/div><div id=\"btn_new\" class=\"bde-button-1532-114-1504-1532-1 bde-button btn bde-button-1532-114\">\n        \n    \n    \n    \n    \n            \n                    \n            \n            \n\n    \n    \n    \n    \n    \n    <a class=\"breakdance-link button-atom button-atom--custom bde-button__button\" href=\"https:\/\/janssenzurich.ch\/en\/non-surgical-enhancements-that-last\/\" target=\"_self\" data-type=\"url\"  >\n\n    \n        <span class=\"button-atom__text\">See more<\/span>\n\n        \n        \n                <\/a>\n\n    \n\n\n<\/div>\n<\/div><\/div>\n<\/section>    <\/article>\n<div class=\"bde-loop-item-gutter ee-post-gutter\"><\/div><div class=\"bde-loop-item-sizer ee-post-sizer\"><\/div><\/div>\r\n<\/div><\/div>\n<\/section>","protected":false},"excerpt":{"rendered":"<p>Fachliche Beratung in der Gesichts\u00e4sthetik Alle anzeigen Behandlungen &amp; Techniken Patientenweg Erholung &amp; Ergebnisse Behandlungen &amp; Techniken Endoskopisches vs Deep Plane Facelift Z\u00fcrich | Chirurgischer Vergleich Endoskopisches und Deep Plane Facelift im Vergleich. Anatomische Unterschiede erkl\u00e4rt f\u00fcr nat\u00fcrliche und nachhaltige Gesichtsverj\u00fcngung.\u201d Mehr anzeigen Patientenweg Sedierung vs. Vollnarkose Was ist der Unterschied und was passt zu [&hellip;]<\/p>\n","protected":false},"author":1,"featured_media":0,"parent":0,"menu_order":0,"comment_status":"closed","ping_status":"closed","template":"","meta":{"_acf_changed":false,"_monsterinsights_skip_tracking":false,"_monsterinsights_sitenote_active":false,"_monsterinsights_sitenote_note":"","_monsterinsights_sitenote_category":0,"_breakdance_hide_in_design_set":false,"_breakdance_tags":"","footnotes":""},"class_list":["post-1346","page","type-page","status-publish","hentry"],"acf":[],"_links":{"self":[{"href":"https:\/\/janssenzurich.ch\/en\/wp-json\/wp\/v2\/pages\/1346","targetHints":{"allow":["GET"]}}],"collection":[{"href":"https:\/\/janssenzurich.ch\/en\/wp-json\/wp\/v2\/pages"}],"about":[{"href":"https:\/\/janssenzurich.ch\/en\/wp-json\/wp\/v2\/types\/page"}],"author":[{"embeddable":true,"href":"https:\/\/janssenzurich.ch\/en\/wp-json\/wp\/v2\/users\/1"}],"replies":[{"embeddable":true,"href":"https:\/\/janssenzurich.ch\/en\/wp-json\/wp\/v2\/comments?post=1346"}],"version-history":[{"count":10,"href":"https:\/\/janssenzurich.ch\/en\/wp-json\/wp\/v2\/pages\/1346\/revisions"}],"predecessor-version":[{"id":2614,"href":"https:\/\/janssenzurich.ch\/en\/wp-json\/wp\/v2\/pages\/1346\/revisions\/2614"}],"wp:attachment":[{"href":"https:\/\/janssenzurich.ch\/en\/wp-json\/wp\/v2\/media?parent=1346"}],"curies":[{"name":"wp","href":"https:\/\/api.w.org\/{rel}","templated":true}]}}