{"id":3,"date":"2024-02-02T11:40:25","date_gmt":"2024-02-02T09:40:25","guid":{"rendered":"https:\/\/janssenzurich.ch\/?page_id=3"},"modified":"2026-02-18T17:52:15","modified_gmt":"2026-02-18T15:52:15","slug":"privacy-policy-2","status":"publish","type":"page","link":"https:\/\/janssenzurich.ch\/en\/datenschutzrichtlinie\/","title":{"rendered":"Datenschutzrichtlinie"},"content":{"rendered":"<section class=\"bde-section-3-100 bde-section\">\n  \n  \n\t\n\n\n\n<div class=\"section-container\"><div class=\"bde-rich-text-3-102 bde-rich-text breakdance-rich-text-styles\">\n<h1 id=\"brxe-vnkirz\" class=\"brxe-heading\">Privacy Policy<\/h1>\n<div id=\"brxe-vspymt\" class=\"brxe-text\">\n  <p data-start=\"122\" data-end=\"139\">\n    <strong data-start=\"141\" data-end=\"160\">Valid from:<\/strong> 28.07.2025<br \/>\n    Welcome to <strong data-start=\"187\" data-end=\"209\">Waterhouse Janssen<\/strong> \n    (<a class=\"\" href=\"https:\/\/waterhousejanssen.com\/\" target=\"_new\" rel=\"noopener nofollow\" data-start=\"211\" data-end=\"240\">\n      <blockquote class=\"wp-embedded-content\" data-secret=\"gY5Gs1nDjI\"><a href=\"https:\/\/waterhousejanssen.com\/\" rel=\"nofollow noopener\" target=\"_blank\">WaterhouseJanssen<\/a><\/blockquote><iframe loading=\"lazy\" class=\"wp-embedded-content\" sandbox=\"allow-scripts\" security=\"restricted\" style=\"position: absolute; visibility: hidden;\" title=\"&#8220;WaterhouseJanssen&#8221; &#8212; Waterhouse &amp; Janssen\" src=\"https:\/\/waterhousejanssen.com\/embed\/#?secret=p1EDdMCt4O#?secret=gY5Gs1nDjI\" data-secret=\"gY5Gs1nDjI\" width=\"500\" height=\"282\" frameborder=\"0\" marginwidth=\"0\" marginheight=\"0\" scrolling=\"no\"><\/iframe>\n    <\/a>). We place a high value on your privacy and are committed to protecting your personal data.\n    This privacy policy explains how we collect, use, disclose, and secure your information when you visit our website.\n  <\/p>\n<\/div>\n\n<\/div><div class=\"bde-fancy-divider-3-104 bde-fancy-divider\">\n\n\n<div class=\"bde-fancy-divider__wrapper\">\n  <div class=\"bde-fancy-divider__separator\">\n  \t  <\/div>\n<\/div>\n\n<\/div><div class=\"bde-rich-text-3-105 bde-rich-text breakdance-rich-text-styles\">\n<h4 data-start=\"442\" data-end=\"471\">Collected Information<\/h4>\n<h5 data-start=\"473\" data-end=\"501\">Personal Information<\/h5>\nWe may collect the following personal data that you voluntarily provide:\n<ul data-start=\"570\" data-end=\"692\">\n  <li data-start=\"570\" data-end=\"583\">\n    <p data-start=\"572\" data-end=\"583\">Full Name<\/p>\n  <\/li>\n  <li data-start=\"584\" data-end=\"601\">\n    <p data-start=\"586\" data-end=\"601\">Email<\/p>\n  <\/li>\n  <li data-start=\"602\" data-end=\"618\">\n    <p data-start=\"604\" data-end=\"618\">Phone number<\/p>\n  <\/li>\n  <li data-start=\"619\" data-end=\"692\">\n    <p data-start=\"621\" data-end=\"692\">All information submitted via our contact forms or appointment requests<\/p>\n  <\/li>\n<\/ul>\n<h5 data-start=\"694\" data-end=\"733\">b. Technical and Usage Information<\/h5>\n<p data-start=\"734\" data-end=\"793\">Automatically captured by cookies or analytics tools:<\/p>\n<ul data-start=\"794\" data-end=\"907\">\n  <li data-start=\"794\" data-end=\"808\">\n    <p data-start=\"796\" data-end=\"808\">IP address<\/p>\n  <\/li>\n  <li data-start=\"809\" data-end=\"837\">\n    <p data-start=\"811\" data-end=\"837\">Browser type and version<\/p>\n  <\/li>\n  <li data-start=\"838\" data-end=\"858\">\n    <p data-start=\"840\" data-end=\"858\">Operating system<\/p>\n  <\/li>\n  <li data-start=\"859\" data-end=\"907\">\n    <p data-start=\"861\" data-end=\"907\">Visited pages, time spent, and referring website<\/p>\n  <\/li>\n<\/ul>\n\n<\/div><div class=\"bde-fancy-divider-3-106 bde-fancy-divider\">\n\n\n<div class=\"bde-fancy-divider__wrapper\">\n  <div class=\"bde-fancy-divider__separator\">\n  \t  <\/div>\n<\/div>\n\n<\/div><div class=\"bde-rich-text-3-111 bde-rich-text breakdance-rich-text-styles\">\n<h4 data-start=\"914\" data-end=\"948\">2. Use of Your Information<\/h4>\n<p data-start=\"950\" data-end=\"977\">We use your information to:<\/p>\n<ul data-start=\"978\" data-end=\"1154\">\n  <li data-start=\"978\" data-end=\"1023\">\n    <p data-start=\"980\" data-end=\"1023\">Responding to inquiries and providing services<\/p>\n  <\/li>\n  <li data-start=\"1024\" data-end=\"1067\">\n    <p data-start=\"1026\" data-end=\"1067\">Improving our website and user experience<\/p>\n  <\/li>\n  <li data-start=\"1068\" data-end=\"1122\">\n    <p data-start=\"1070\" data-end=\"1122\">Send updates or promotional emails (if you have opted in)<\/p>\n  <\/li>\n  <li data-start=\"1123\" data-end=\"1154\">\n    <p data-start=\"1125\" data-end=\"1154\">To comply with legal obligations<\/p>\n  <\/li>\n<\/ul>\n\n<\/div><div class=\"bde-fancy-divider-3-109 bde-fancy-divider\">\n\n\n<div class=\"bde-fancy-divider__wrapper\">\n  <div class=\"bde-fancy-divider__separator\">\n  \t  <\/div>\n<\/div>\n\n<\/div><div class=\"bde-rich-text-3-112 bde-rich-text breakdance-rich-text-styles\">\n<h4 data-start=\"1161\" data-end=\"1192\">3. Sharing Your Information<\/h4>\n<p data-start=\"1194\" data-end=\"1272\">We do not sell or rent your personal data. We may share your data with:<\/p>\n<ul data-start=\"1273\" data-end=\"1370\">\n  <li data-start=\"1273\" data-end=\"1329\">\n    <p data-start=\"1275\" data-end=\"1329\">Trusted Service Providers (Hosting, Analytics, etc.)<\/p>\n  <\/li>\n  <li data-start=\"1330\" data-end=\"1370\">\n    <p data-start=\"1332\" data-end=\"1370\">Legal authorities, if required by law<\/p>\n  <\/li>\n<\/ul>\n<p data-start=\"1372\" data-end=\"1430\">All partners are contractually obligated to protect your data.<\/p>\n\n<\/div><div class=\"bde-fancy-divider-3-110 bde-fancy-divider\">\n\n\n<div class=\"bde-fancy-divider__wrapper\">\n  <div class=\"bde-fancy-divider__separator\">\n  \t  <\/div>\n<\/div>\n\n<\/div><div class=\"bde-rich-text-3-108 bde-rich-text breakdance-rich-text-styles\">\n<h4 data-start=\"1437\" data-end=\"1465\">4. Cookies and Analytics<\/h4>\n<p data-start=\"1467\" data-end=\"1495\">Our website uses cookies to:<\/p>\n<ul data-start=\"1496\" data-end=\"1609\">\n  <li data-start=\"1496\" data-end=\"1529\">\n    <p data-start=\"1498\" data-end=\"1529\">To improve the functionality of the website<\/p>\n  <\/li>\n  <li data-start=\"1530\" data-end=\"1559\">\n    <p data-start=\"1532\" data-end=\"1559\">Save user settings<\/p>\n  <\/li>\n  <li data-start=\"1560\" data-end=\"1609\">\n    <p data-start=\"1562\" data-end=\"1609\">Analyzing traffic through tools like Google Analytics<\/p>\n  <\/li>\n<\/ul>\n<p data-start=\"1611\" data-end=\"1707\">You can disable cookies through your browser settings, but this may affect the functionality of the website.<\/p>\n\n<\/div><div class=\"bde-fancy-divider-3-113 bde-fancy-divider\">\n\n\n<div class=\"bde-fancy-divider__wrapper\">\n  <div class=\"bde-fancy-divider__separator\">\n  \t  <\/div>\n<\/div>\n\n<\/div><div class=\"bde-rich-text-3-116 bde-rich-text breakdance-rich-text-styles\">\n<h4 data-start=\"1714\" data-end=\"1734\">5. Data Security<\/h4>\n<p data-start=\"1736\" data-end=\"1908\">We use industry-standard security measures to protect your data. However, no Internet transmission is 100% % secure. We recommend that you observe secure browsing practices.<\/p>\n\n<\/div><div class=\"bde-fancy-divider-3-114 bde-fancy-divider\">\n\n\n<div class=\"bde-fancy-divider__wrapper\">\n  <div class=\"bde-fancy-divider__separator\">\n  \t  <\/div>\n<\/div>\n\n<\/div><div class=\"bde-rich-text-3-117 bde-rich-text breakdance-rich-text-styles\">\n<h4 data-start=\"1915\" data-end=\"1933\">6. your rights<\/h4>\n<p data-start=\"1935\" data-end=\"1986\">Depending on your location, you may have the following rights:<\/p>\n<ul data-start=\"1987\" data-end=\"2130\">\n  <li data-start=\"1987\" data-end=\"2016\">\n    <p data-start=\"1989\" data-end=\"2016\">Access to your personal data<\/p>\n  <\/li>\n  <li data-start=\"2017\" data-end=\"2051\">\n    <p data-start=\"2019\" data-end=\"2051\">Request correction or deletion<\/p>\n  <\/li>\n  <li data-start=\"2052\" data-end=\"2092\">\n    <p data-start=\"2054\" data-end=\"2092\">Withdraw consent to data processing<\/p>\n  <\/li>\n  <li data-start=\"2093\" data-end=\"2130\">\n    <p data-start=\"2095\" data-end=\"2130\">Object to specific uses of your data<\/p>\n  <\/li>\n<\/ul>\n<p data-start=\"2132\" data-end=\"2200\">To exercise these rights, please contact us at:<br data-start=\"2179\" data-end=\"2182\" \/>+44 20 7636 4073<\/p>\n\n<\/div><div class=\"bde-fancy-divider-3-115 bde-fancy-divider\">\n\n\n<div class=\"bde-fancy-divider__wrapper\">\n  <div class=\"bde-fancy-divider__separator\">\n  \t  <\/div>\n<\/div>\n\n<\/div><div class=\"bde-rich-text-3-118 bde-rich-text breakdance-rich-text-styles\">\n<h4 data-start=\"2207\" data-end=\"2231\">7. Third-Party Links<\/h4>\n<p data-start=\"2233\" data-end=\"2391\">Our website may contain links to external websites. We are not responsible for their privacy practices. Please review their policies when visiting these sites.<\/p>\n\n<\/div><div class=\"bde-fancy-divider-3-119 bde-fancy-divider\">\n\n\n<div class=\"bde-fancy-divider__wrapper\">\n  <div class=\"bde-fancy-divider__separator\">\n  \t  <\/div>\n<\/div>\n\n<\/div><div class=\"bde-rich-text-3-121 bde-rich-text breakdance-rich-text-styles\">\n<h4 data-start=\"2398\" data-end=\"2423\">8. Children's Data Privacy<\/h4>\n<p>We do not knowingly collect personal data from children under 13. If you believe we have received such data, please contact us so that it can be deleted.<\/p>\n\n<\/div><div class=\"bde-fancy-divider-3-120 bde-fancy-divider\">\n\n\n<div class=\"bde-fancy-divider__wrapper\">\n  <div class=\"bde-fancy-divider__separator\">\n  \t  <\/div>\n<\/div>\n\n<\/div><div class=\"bde-rich-text-3-123 bde-rich-text breakdance-rich-text-styles\">\n<h4>9. Privacy Policy Updates<\/h4>\n<p>We may update this privacy policy from time to time. Changes will be posted on this page with the updated effective date. We encourage you to review it regularly.<\/p>\n\n<\/div><div class=\"bde-fancy-divider-3-122 bde-fancy-divider\">\n\n\n<div class=\"bde-fancy-divider__wrapper\">\n  <div class=\"bde-fancy-divider__separator\">\n  \t  <\/div>\n<\/div>\n\n<\/div><div class=\"bde-rich-text-3-124 bde-rich-text breakdance-rich-text-styles\">\n<h4>10. Contact Us<\/h4>\n<p>If you have any questions or concerns about this privacy policy or your personal data, please contact us at:<\/p>\n<p>\n  <span style=\"font-weight: bold;\">Email:<\/span> karen@theaestheticsurgeons.com <br \/>\n  <span style=\"font-weight: bold;\">Phone<\/span> +44 20 7636 4073 <br \/>\n  <span style=\"font-weight: bold;\">Website<\/span> https:\/\/waterhousejanssen.com\n<\/p>\n\n<\/div><\/div>\n<\/section>","protected":false},"excerpt":{"rendered":"<p>Datenschutzerkl\u00e4rung G\u00fcltig ab: 28.07.2025 Willkommen bei Waterhouse Janssen ( WaterhouseJanssen ). Wir legen gro\u00dfen Wert auf Ihre Privatsph\u00e4re und verpflichten uns, Ihre pers\u00f6nlichen Daten zu sch\u00fctzen. Diese Datenschutzerkl\u00e4rung erkl\u00e4rt, wie wir Ihre Informationen sammeln, verwenden, weitergeben und sichern, wenn Sie unsere Website besuchen. 1. Gesammelte Informationen a. Pers\u00f6nliche Informationen Wir k\u00f6nnen die folgenden pers\u00f6nlichen Daten [&hellip;]<\/p>\n","protected":false},"author":1,"featured_media":0,"parent":0,"menu_order":0,"comment_status":"closed","ping_status":"closed","template":"","meta":{"_acf_changed":false,"_monsterinsights_skip_tracking":false,"_monsterinsights_sitenote_active":false,"_monsterinsights_sitenote_note":"","_monsterinsights_sitenote_category":0,"_breakdance_hide_in_design_set":false,"_breakdance_tags":"","footnotes":""},"class_list":["post-3","page","type-page","status-publish","hentry"],"acf":[],"_links":{"self":[{"href":"https:\/\/janssenzurich.ch\/en\/wp-json\/wp\/v2\/pages\/3","targetHints":{"allow":["GET"]}}],"collection":[{"href":"https:\/\/janssenzurich.ch\/en\/wp-json\/wp\/v2\/pages"}],"about":[{"href":"https:\/\/janssenzurich.ch\/en\/wp-json\/wp\/v2\/types\/page"}],"author":[{"embeddable":true,"href":"https:\/\/janssenzurich.ch\/en\/wp-json\/wp\/v2\/users\/1"}],"replies":[{"embeddable":true,"href":"https:\/\/janssenzurich.ch\/en\/wp-json\/wp\/v2\/comments?post=3"}],"version-history":[{"count":10,"href":"https:\/\/janssenzurich.ch\/en\/wp-json\/wp\/v2\/pages\/3\/revisions"}],"predecessor-version":[{"id":2459,"href":"https:\/\/janssenzurich.ch\/en\/wp-json\/wp\/v2\/pages\/3\/revisions\/2459"}],"wp:attachment":[{"href":"https:\/\/janssenzurich.ch\/en\/wp-json\/wp\/v2\/media?parent=3"}],"curies":[{"name":"wp","href":"https:\/\/api.w.org\/{rel}","templated":true}]}}