{"id":59,"date":"2024-02-05T10:17:19","date_gmt":"2024-02-05T08:17:19","guid":{"rendered":"https:\/\/janssenzurich.ch\/?page_id=59"},"modified":"2026-04-28T09:13:37","modified_gmt":"2026-04-28T07:13:37","slug":"complementary-procedures","status":"publish","type":"page","link":"https:\/\/janssenzurich.ch\/en\/ergaenzende-eingriffe\/","title":{"rendered":"Complementary Procedures"},"content":{"rendered":"<section class=\"bde-section-59-100 bde-section\">\n  \n  \n\t\n\n\n\n<div class=\"section-container\"><div class=\"bde-text-59-101 bde-text\">\nHome \/ Complementary Procedures\n<\/div><div class=\"bde-fancy-divider-59-102 bde-fancy-divider\">\n\n\n<div class=\"bde-fancy-divider__wrapper\">\n  <div class=\"bde-fancy-divider__separator\">\n  \t  <\/div>\n<\/div>\n\n<\/div><\/div>\n<\/section><section class=\"bde-section-59-202 bde-section\">\n  \n  \n\t\n\n\n\n<div class=\"section-container\"><div class=\"bde-columns-59-203 bde-columns\"><div class=\"bde-column-59-204 bde-column\">\n  \n  \n\t\n\n\n\n<h1 class=\"bde-heading-59-205 bde-heading\">\nComplementary Procedures \n<\/h1><div class=\"bde-rich-text-59-272 bde-rich-text breakdance-rich-text-styles\">\n<p><span style=\"font-weight: 400;\">At Janssen Z\u00fcrich, we place great importance on a holistic treatment of all facial areas.<\/span><span style=\"font-weight: 400;\"><br \/><\/span><span style=\"font-weight: 400;\">Facelifts are therefore often combined with:<\/span><\/p>\n<ul>\n<li style=\"font-weight: 400;\" aria-level=\"1\"><span style=\"font-weight: 400;\">Brow elevation<\/span><\/li>\n<li style=\"font-weight: 400;\" aria-level=\"1\"><span style=\"font-weight: 400;\">Upper blepharoplasty<\/span><\/li>\n<li style=\"font-weight: 400;\" aria-level=\"1\"><span style=\"font-weight: 400;\">Lower blepharoplasty<\/span><\/li>\n<li style=\"font-weight: 400;\" aria-level=\"1\"><span style=\"font-weight: 400;\">Lip Lift<\/span><\/li>\n<li style=\"font-weight: 400;\" aria-level=\"1\"><span style=\"font-weight: 400;\">Fat transfer<\/span><\/li>\n<\/ul>\n<\/div>\n<\/div><div class=\"bde-column-59-207 bde-column\">\n  \n  \n\t\n\n\n\n<div class=\"bde-div-59-269 bde-div\">\n  \n  \n\t\n\n\n\n<div class=\"bde-video-59-270 bde-video\">\n<div class=\"ee-video-container\">\n            <video class=\"ee-video\" src=\"https:\/\/janssenzurich.ch\/wp-content\/uploads\/2025\/10\/WEBSITE_LIPS_BEIGE.mp4\"\n               autoplay='true'                                                                muted='true'                controlslist=\"nodownload\"                playsinline\n>\n        <\/video>\n    \n    <\/div>\n\n<\/div><div class=\"bde-code-block-59-271 bde-code-block\">\n\n\n\n<\/div>\n<\/div>\n<\/div><\/div><\/div>\n<\/section><section class=\"bde-section-59-209 bde-section\">\n  \n  \n\t\n\n\n\n<div class=\"section-container\"><h1 class=\"bde-heading-59-210 bde-heading\">\nHow does a brow lift work?\n<\/h1><div class=\"bde-rich-text-59-273 bde-rich-text breakdance-rich-text-styles\">\n<p class=\"translation-block\">As we age, the forehead and eyebrows tend to droop slightly.\nA brow lift is an effective method to correct this process.<\/p>\n<p><b>Effects<\/b><\/p>\n<ul>\n<li style=\"font-weight: 400;\" aria-level=\"1\"><span style=\"font-weight: 400;\">Correction of a tired-looking appearance<\/span><\/li>\n<li style=\"font-weight: 400;\" aria-level=\"1\"><span style=\"font-weight: 400;\">Reduction of excess skin in the lateral upper eyelid area (\u2018hooding\u2019)<\/span><\/li>\n<li style=\"font-weight: 400;\" aria-level=\"1\"><span style=\"font-weight: 400;\">Improvement of frown lines<\/span><\/li>\n<li style=\"font-weight: 400;\" aria-level=\"1\"><span style=\"font-weight: 400;\">Harmonization of a harsh- or tired-looking gaze<\/span><\/li>\n<\/ul>\n<\/div><\/div>\n<\/section><section class=\"bde-section-59-213 bde-section\">\n  \n  \n\t\n\n\n\n<div class=\"section-container\"><div class=\"bde-columns-59-215 bde-columns\"><div class=\"bde-column-59-216 bde-column\">\n  \n  \n\t\n\n\n\n<h4 class=\"bde-heading-59-217 bde-heading\">\nGliding Brow Lift\n<\/h4><div class=\"bde-rich-text-59-274 bde-rich-text breakdance-rich-text-styles\">\n<p><span style=\"font-weight: 400;\">Special suture techniques (\u2018quilting\u2019) can help avoid larger scars.<\/span><\/p>\n<p><b>Benefits:<\/b><\/p>\n<ul>\n<li style=\"font-weight: 400;\" aria-level=\"1\"><span style=\"font-weight: 400;\">minimally invasive<\/span><\/li>\n<li style=\"font-weight: 400;\" aria-level=\"1\"><span style=\"font-weight: 400;\">short recovery time<\/span><\/li>\n<\/ul>\n<p><span style=\"font-weight: 400;\">Temporary numbness or itching may occur.<\/span><\/p>\n<\/div>\n<\/div><div class=\"bde-column-59-219 bde-column\">\n  \n  \n\t\n\n\n\n<h4 class=\"bde-heading-59-220 bde-heading\">\nTemporal Brow Lift<br>\n<\/h4><div class=\"bde-text-59-221 bde-text\">\nPrimarily lifts the outer third of the brow through a small incision hidden in the hairline.\n<\/div>\n<\/div><\/div><div class=\"bde-columns-59-236 bde-columns\"><div class=\"bde-column-59-237 bde-column\">\n  \n  \n\t\n\n\n\n<h4 class=\"bde-heading-59-238 bde-heading\">\nEndoscopic Brow Lift<br>\n<\/h4><div class=\"bde-rich-text-59-275 bde-rich-text breakdance-rich-text-styles\">\n<ul>\n<li><span style=\"font-weight: 400;\">Small incisions hidden in the hairline<\/span><\/li>\n<li><span style=\"font-weight: 400;\">Natural, long-lasting results<\/span><\/li>\n<li><span style=\"font-weight: 400;\">Proven efficacy and patient satisfaction (BJPS, 2002)<\/span><\/li>\n<li style=\"list-style-type: none;\">\u00a0<\/li>\n<\/ul>\n<\/div>\n<\/div><div class=\"bde-column-59-240 bde-column\">\n  \n  \n\t\n\n\n\n<img decoding=\"async\" class=\"bde-image2-59-243 bde-image2\" src=\"https:\/\/janssenzurich.ch\/wp-content\/uploads\/2025\/10\/Gliding-brow-lift-3.jpg\" loading=\"lazy\" srcset=\"https:\/\/janssenzurich.ch\/wp-content\/uploads\/2025\/10\/Gliding-brow-lift-3.jpg 329w, https:\/\/janssenzurich.ch\/wp-content\/uploads\/2025\/10\/Gliding-brow-lift-3-300x269.jpg 300w\" sizes=\"(max-width: 329px) 100vw, 329px\"><h5 class=\"bde-heading-59-241 bde-heading\">\nGliding Brow Lift\n<\/h5>\n<\/div><\/div><\/div>\n<\/section><section class=\"bde-section-59-244 bde-section\">\n  \n  \n\t\n\n\n\n<div class=\"section-container\"><h1 class=\"bde-heading-59-245 bde-heading\">\nBlepharoplasty (Upper and Lower Eyelid Surgery)\n<\/h1><div class=\"bde-rich-text-59-276 bde-rich-text breakdance-rich-text-styles\">\n<h4><b>Upper blepharoplasty<\/b><\/h4>\n<p><span style=\"font-weight: 400;\">In upper eyelid surgery, the following are performed:<\/span><\/p>\n<ul>\n<li style=\"font-weight: 400;\" aria-level=\"1\"><span style=\"font-weight: 400;\">excess skin<\/span><\/li>\n<li style=\"font-weight: 400;\" aria-level=\"1\"><span style=\"font-weight: 400;\">if necessary, portions of muscle<\/span><\/li>\n<li style=\"font-weight: 400;\" aria-level=\"1\"><span style=\"font-weight: 400;\">fat pads<\/span><\/li>\n<\/ul>\n<p><span style=\"font-weight: 400;\">removed or reshaped.<\/span><\/p>\n<p><span style=\"font-weight: 400;\">The incisions are placed in the natural eyelid crease and are virtually invisible once healed.<\/span><\/p>\n<\/div><div class=\"bde-fancy-divider-59-281 bde-fancy-divider\">\n\n\n<div class=\"bde-fancy-divider__wrapper\">\n  <div class=\"bde-fancy-divider__separator\">\n  \t  <\/div>\n<\/div>\n\n<\/div><div class=\"bde-rich-text-59-278 bde-rich-text breakdance-rich-text-styles\">\n<h3><b>Modern Techniques<\/b><\/h3>\n<h4><b>Transconjunctival Blepharoplasty<\/b><\/h4>\n<ul>\n<li style=\"font-weight: 400;\" aria-level=\"1\"><span style=\"font-weight: 400;\">Incision on the inner side of the lower eyelid<\/span><\/li>\n<li style=\"font-weight: 400;\" aria-level=\"1\"><span style=\"font-weight: 400;\">No visible external scar<\/span><\/li>\n<li style=\"font-weight: 400;\" aria-level=\"1\"><span style=\"font-weight: 400;\">Removal\/repositioning of fat tissue<\/span><\/li>\n<\/ul>\n<h4><b>Fat repositioning<\/b><\/h4>\n<p><span style=\"font-weight: 400;\">In cases of volume loss:<\/span><\/p>\n<ul>\n<li style=\"font-weight: 400;\" aria-level=\"1\"><span style=\"font-weight: 400;\">Fat is shaped or redistributed<\/span><\/li>\n<li style=\"font-weight: 400;\" aria-level=\"1\"><span style=\"font-weight: 400;\">if necessary, supplemented with autologous fat<\/span><\/li>\n<\/ul>\n<h4><b>Laser treatment<\/b><\/h4>\n<p><span style=\"font-weight: 400;\">For the treatment of fine wrinkles in the lower eyelid skin.<\/span><\/p>\n<\/div><div class=\"bde-video-59-247 bde-video\">\n<div class=\"ee-video-container\">\n            \n                                                    \n                                <div class=\"ee-video ee-vimeo\">\n                    <iframe\n                            class=\"ee-video lozad\"\n                    title=\"\"\n                    data-src=\n                    \"https:\/\/player.vimeo.com\/video\/132300564?dnt=1&amp;app_id=122963&controls=1&playsinline=0                    \"\n                    width=\"100%\" height=\"100%\" frameborder=\"0\"\n                    allow=\"autoplay; fullscreen; picture-in-picture\" allowfullscreen>\n                    <\/iframe>\n                <\/div>\n                    \n            \n    <\/div>\n\n<\/div><\/div>\n<\/section><section class=\"bde-section-59-177 bde-section\">\n  \n  \n\t\n\n\n\n<div class=\"section-container\"><div class=\"bde-columns-59-178 bde-columns\"><div class=\"bde-column-59-181 bde-column\">\n  \n  \n\t\n\n\n\n<h1 class=\"bde-heading-59-182 bde-heading\">\nLower Eyelid Tightening \/ Canthopexy\n<\/h1><div class=\"bde-rich-text-59-279 bde-rich-text breakdance-rich-text-styles\">\n<p><span style=\"font-weight: 400;\">Depending on the findings, lower eyelids can be:<\/span><\/p>\n<ul>\n<li style=\"font-weight: 400;\" aria-level=\"1\"><span style=\"font-weight: 400;\">tightened<\/span><\/li>\n<li style=\"font-weight: 400;\" aria-level=\"1\"><span style=\"font-weight: 400;\">smoothed<\/span><\/li>\n<li style=\"font-weight: 400;\" aria-level=\"1\"><span style=\"font-weight: 400;\">re-volumized<\/span><\/li>\n<\/ul>\n<p class=\"translation-block\">be done.<br>If needed, a canthopexy stabilizes the lower eyelid.<\/p>\n<\/div>\n<\/div><div class=\"bde-column-59-179 bde-column\">\n  \n  \n\t\n\n\n\n<div class=\"bde-image-59-180 bde-image\">\n<figure class=\"breakdance-image breakdance-image--1489\">\n\t<div class=\"breakdance-image-container\">\n\t\t<div class=\"breakdance-image-clip\"><img loading=\"lazy\" decoding=\"async\" class=\"breakdance-image-object\" src=\"https:\/\/janssenzurich.ch\/wp-content\/uploads\/2025\/10\/WaterhouseJanssen-_-LowerLid-Surgery-new-scaled-1-2048x1764-1.jpg\" width=\"2048\" height=\"1764\" srcset=\"https:\/\/janssenzurich.ch\/wp-content\/uploads\/2025\/10\/WaterhouseJanssen-_-LowerLid-Surgery-new-scaled-1-2048x1764-1.jpg 2048w, https:\/\/janssenzurich.ch\/wp-content\/uploads\/2025\/10\/WaterhouseJanssen-_-LowerLid-Surgery-new-scaled-1-2048x1764-1-300x258.jpg 300w, https:\/\/janssenzurich.ch\/wp-content\/uploads\/2025\/10\/WaterhouseJanssen-_-LowerLid-Surgery-new-scaled-1-2048x1764-1-1024x882.jpg 1024w, https:\/\/janssenzurich.ch\/wp-content\/uploads\/2025\/10\/WaterhouseJanssen-_-LowerLid-Surgery-new-scaled-1-2048x1764-1-768x662.jpg 768w, https:\/\/janssenzurich.ch\/wp-content\/uploads\/2025\/10\/WaterhouseJanssen-_-LowerLid-Surgery-new-scaled-1-2048x1764-1-1536x1323.jpg 1536w\" sizes=\"auto, (max-width: 2048px) 100vw, 2048px\"><\/div>\n\t<\/div><\/figure>\n\n<\/div>\n<\/div><\/div><\/div>\n<\/section><section class=\"bde-section-59-156 bde-section\">\n  \n  \n\t\n\n\n\n<div class=\"section-container\"><div class=\"bde-rich-text-59-293 bde-rich-text breakdance-rich-text-styles\">\n<h3><b>Important Note<\/b><\/h3>\n<p class=\"translation-block\">Excess skin on the upper eyelid often occurs due to <b>shrinking or drooping eyebrows<\/b>.<br>In these cases, a brow lift often achieves more natural results.<\/p>\n<\/div><div class=\"bde-fancy-divider-59-277 bde-fancy-divider\">\n\n\n<div class=\"bde-fancy-divider__wrapper\">\n  <div class=\"bde-fancy-divider__separator\">\n  \t  <\/div>\n<\/div>\n\n<\/div><div class=\"bde-rich-text-59-280 bde-rich-text breakdance-rich-text-styles\">\n<h3><b>Complications after Blepharoplasty<\/b><\/h3>\n<p><span style=\"font-weight: 400;\">Usually minor and temporary.<\/span><\/p>\n<p><span style=\"font-weight: 400;\">Possible issues:<\/span><\/p>\n<ul>\n<li style=\"font-weight: 400;\" aria-level=\"1\"><span style=\"font-weight: 400;\">Rounding of the lower eyelid<\/span><\/li>\n<li style=\"font-weight: 400;\" aria-level=\"1\"><span style=\"font-weight: 400;\">Ectropion<\/span><\/li>\n<li style=\"font-weight: 400;\" aria-level=\"1\"><span style=\"font-weight: 400;\">Asymmetries<\/span><\/li>\n<li style=\"font-weight: 400;\" aria-level=\"1\"><span style=\"font-weight: 400;\">Sunken lower eyelid (\u2018hollowing\u2019)<\/span><\/li>\n<li style=\"font-weight: 400;\" aria-level=\"1\"><span style=\"font-weight: 400;\">\u2018Operated\u2019 look (post-blepharoplasty syndrome)<\/span><\/li>\n<\/ul>\n<p><span style=\"font-weight: 400;\">In severe cases, secondary procedures may be necessary:<\/span><\/p>\n<ul>\n<li style=\"font-weight: 400;\" aria-level=\"1\"><span style=\"font-weight: 400;\">Canthopexy<\/span><\/li>\n<li style=\"font-weight: 400;\" aria-level=\"1\"><span style=\"font-weight: 400;\">Endoscopic S-Ponytail Lift<\/span><\/li>\n<li style=\"font-weight: 400;\" aria-level=\"1\"><span style=\"font-weight: 400;\">Fat transfer<\/span><\/li>\n<\/ul>\n<h3><b>Medical Special Cases<\/b><\/h3>\n<p class=\"translation-block\"><b>Thyroid disorders<\/b> can:<\/p>\n<ul>\n<li style=\"font-weight: 400;\" aria-level=\"1\"><span style=\"font-weight: 400;\">protrusion of the eyes<\/span><\/li>\n<li style=\"font-weight: 400;\" aria-level=\"1\"><span style=\"font-weight: 400;\">eyelid retraction<\/span><\/li>\n<\/ul>\n<p><span style=\"font-weight: 400;\">and often require more complex procedures on bone and soft tissues.<\/span><\/p>\n<p class=\"translation-block\"><b>Ptosis<\/b> caused by muscle weakness must be diagnosed <b>before the surgery<\/b> \u2014 blepharoplasty alone does not correct it.<\/p>\n<\/div><div class=\"bde-fancy-divider-59-292 bde-fancy-divider\">\n\n\n<div class=\"bde-fancy-divider__wrapper\">\n  <div class=\"bde-fancy-divider__separator\">\n  \t  <\/div>\n<\/div>\n\n<\/div><\/div>\n<\/section><section class=\"bde-section-59-282 bde-section\">\n  \n  \n\t\n\n\n\n<div class=\"section-container\"><div class=\"bde-columns-59-285 bde-columns\"><div class=\"bde-column-59-286 bde-column\">\n  \n  \n\t\n\n\n\n<h1 class=\"bde-heading-59-290 bde-heading\">\nBuccal Fat Removal (removal of the Bichat fat pad)<br>\n<\/h1><div class=\"bde-rich-text-59-294 bde-rich-text breakdance-rich-text-styles\">\n<p><span style=\"font-weight: 400;\">In buccal fat removal, the fat pad in the cheek area is specifically:<\/span><\/p>\n<ul>\n<li style=\"font-weight: 400;\" aria-level=\"1\"><span style=\"font-weight: 400;\">reduced and\/or<\/span><\/li>\n<li style=\"font-weight: 400;\" aria-level=\"1\"><span style=\"font-weight: 400;\">repositioned<\/span><\/li>\n<\/ul>\n<p class=\"translation-block\">The procedure is <b>minimally invasive<\/b> and performed through a small, completely <b>invisible incision inside the mouth<\/b>.<\/p>\n<p><span style=\"font-weight: 400;\">Der Eingriff ist <\/span><b>minimally invasive<\/b><span style=\"font-weight: 400;\"> und erfolgt \u00fcber eine kleine, vollst\u00e4ndig <\/span><b>unsichtbare Inzision in der Mundschleimhaut<\/b><span style=\"font-weight: 400;\">.<\/span><\/p>\n<p class=\"ds-markdown-paragraph translation-block\">This method is especially suitable for patients who want a slimmer midface contour <b>without external scars<\/b>.<\/p>\n<\/div>\n<\/div><div class=\"bde-column-59-289 bde-column\">\n  \n  \n\t\n\n\n\n<h1 class=\"bde-heading-59-287 bde-heading\">\nLip Lift (Upper Lip Lift)\n<\/h1><div class=\"bde-text-59-288 bde-text\">\nA lip lift is a surgical procedure that shortens the distance between the upper lip and the nose to achieve a more youthful and harmonious facial appearance.<br><br>The incision is discreetly placed in the natural fold under the nose. It can take up to a year for the fine scar to fully heal and fade.<br><br>A lip lift also provides a lasting improvement in lip shape and volume, often reducing the need for non-surgical lip treatments with fillers.<br>\n<\/div>\n<\/div><\/div><\/div>\n<\/section><section class=\"bde-section-59-193 bde-section\">\n  \n  \n\t\n\n\n\n<div class=\"section-container\"><div class=\"bde-columns-59-257 bde-columns\"><div class=\"bde-column-59-258 bde-column\">\n  \n  \n\t\n\n\n\n<img decoding=\"async\" class=\"bde-image2-59-256 bde-image2\" src=\"https:\/\/janssenzurich.ch\/wp-content\/uploads\/2025\/10\/WaterhouseJanssen-Chin-Surgery.jpg\" loading=\"lazy\" srcset=\"https:\/\/janssenzurich.ch\/wp-content\/uploads\/2025\/10\/WaterhouseJanssen-Chin-Surgery.jpg 490w, https:\/\/janssenzurich.ch\/wp-content\/uploads\/2025\/10\/WaterhouseJanssen-Chin-Surgery-256x300.jpg 256w\" sizes=\"(max-width: 490px) 100vw, 490px\">\n<\/div><div class=\"bde-column-59-261 bde-column\">\n  \n  \n\t\n\n\n\n<h1 class=\"bde-heading-59-262 bde-heading\">\nChin Correction (Genioplasty)\n<\/h1><div class=\"bde-text-59-263 bde-text translation-block\">A weak or receding chin can significantly affect facial harmony.<br><br>In some cases, this is due to underdevelopment of the entire lower jaw, but in most patients, a relatively simple procedure is sufficient to improve chin projection.<\/div>\n<\/div><\/div><\/div>\n<\/section><section class=\"bde-section-59-185 bde-section\">\n  \n  \n\t\n\n\n\n<div class=\"section-container\"><div class=\"bde-rich-text-59-295 bde-rich-text breakdance-rich-text-styles\">\n<h3><b>Chin Implants<\/b><\/h3>\n<ul>\n<li style=\"font-weight: 400;\" aria-level=\"1\"><span style=\"font-weight: 400;\">the simplest method for chin augmentation<\/span><\/li>\n<li style=\"font-weight: 400;\" aria-level=\"1\" class=\"translation-block\">however, possible risk of <b>infection<\/b> or <b>implant rejection<\/b><\/li>\n<\/ul>\n<h3><b>Chin Advancement (Surgical Genioplasty)<\/b><\/h3>\n<p class=\"translation-block\">An alternative method is <b>surgical advancement of the patient\u2019s own bone<\/b>, which:<\/p>\n<ul>\n<li style=\"font-weight: 400;\" aria-level=\"1\"><span style=\"font-weight: 400;\">does not require any foreign material<\/span><\/li>\n<li style=\"font-weight: 400;\" aria-level=\"1\"><span style=\"font-weight: 400;\">is well tolerated<\/span><\/li>\n<li style=\"font-weight: 400;\" aria-level=\"1\"><span style=\"font-weight: 400;\">may cause temporary numbness of the lower lip (usually fully reversible)<\/span><\/li>\n<\/ul>\n<h3><b>Fat Injections \/ Autologous Fat Grafting<\/b><\/h3>\n<p><span style=\"font-weight: 400;\">A relatively new option for milder cases:<\/span><\/p>\n<ul>\n<li style=\"font-weight: 400;\" aria-level=\"1\" class=\"translation-block\">Enhancement of the chin contour using <b>autologous fat<\/b><\/li>\n<li style=\"font-weight: 400;\" aria-level=\"1\"><span style=\"font-weight: 400;\">particularly natural effect<\/span><\/li>\n<li style=\"font-weight: 400;\" aria-level=\"1\"><span style=\"font-weight: 400;\">ideal for subtle enhancement<\/span><\/li>\n<\/ul>\n<p><span style=\"font-weight: 400;\">The reliability of modern techniques for chin augmentation has significantly improved in recent years.<\/span><\/p>\n<p class=\"translation-block\">An <b>individual assessment<\/b> is crucial to determine the best procedure for each patient\u2019s anatomy.<\/p>\n<\/div><\/div>\n<\/section>","protected":false},"excerpt":{"rendered":"<p>Home \/ Erg\u00e4nzende Eingriffe Erg\u00e4nzende Eingriffe Bei Janssen Z\u00fcrich legen wir Wert auf eine ganzheitliche Therapie aller Gesichtspartien.Facelifts werden daher h\u00e4ufig kombiniert mit: Augenbrauenanhebung Oberlidstraffung Unterlidstraffung Lip Lift Fetttransfer Wie funktioniert eine Augenbrauenanhebung? Mit zunehmendem Alter sinken Stirn und Augenbrauen leicht ab.Ein Browlift ist eine effektive Methode, um diesen Prozess zu korrigieren. Effekte: Korrektur des [&hellip;]<\/p>\n","protected":false},"author":1,"featured_media":0,"parent":0,"menu_order":0,"comment_status":"closed","ping_status":"closed","template":"","meta":{"_acf_changed":false,"_monsterinsights_skip_tracking":false,"_monsterinsights_sitenote_active":false,"_monsterinsights_sitenote_note":"","_monsterinsights_sitenote_category":0,"_breakdance_hide_in_design_set":false,"_breakdance_tags":"","footnotes":""},"class_list":["post-59","page","type-page","status-publish","hentry"],"acf":[],"_links":{"self":[{"href":"https:\/\/janssenzurich.ch\/en\/wp-json\/wp\/v2\/pages\/59","targetHints":{"allow":["GET"]}}],"collection":[{"href":"https:\/\/janssenzurich.ch\/en\/wp-json\/wp\/v2\/pages"}],"about":[{"href":"https:\/\/janssenzurich.ch\/en\/wp-json\/wp\/v2\/types\/page"}],"author":[{"embeddable":true,"href":"https:\/\/janssenzurich.ch\/en\/wp-json\/wp\/v2\/users\/1"}],"replies":[{"embeddable":true,"href":"https:\/\/janssenzurich.ch\/en\/wp-json\/wp\/v2\/comments?post=59"}],"version-history":[{"count":66,"href":"https:\/\/janssenzurich.ch\/en\/wp-json\/wp\/v2\/pages\/59\/revisions"}],"predecessor-version":[{"id":2652,"href":"https:\/\/janssenzurich.ch\/en\/wp-json\/wp\/v2\/pages\/59\/revisions\/2652"}],"wp:attachment":[{"href":"https:\/\/janssenzurich.ch\/en\/wp-json\/wp\/v2\/media?parent=59"}],"curies":[{"name":"wp","href":"https:\/\/api.w.org\/{rel}","templated":true}]}}